{"id":3736,"date":"2018-06-20T17:19:29","date_gmt":"2018-06-20T15:19:29","guid":{"rendered":"https:\/\/www.ms-kayser.de\/ms-kay\/?page_id=3736"},"modified":"2018-08-02T10:43:20","modified_gmt":"2018-08-02T08:43:20","slug":"startseite","status":"publish","type":"page","link":"https:\/\/www.ms-kayser.de\/ms-kay\/","title":{"rendered":"Startseite"},"content":{"rendered":"<p>[et_pb_section bb_built=&#8220;1&#8243; admin_label=&#8220;section&#8220; custom_padding_last_edited=&#8220;on|desktop&#8220; _builder_version=&#8220;3.4&#8243; background_color=&#8220;rgba(255,255,255,0)&#8220; custom_padding=&#8220;||0px|&#8220; custom_padding_tablet=&#8220;50px|0|50px|0&#8243; next_background_color=&#8220;#ededed&#8220;][et_pb_row admin_label=&#8220;row&#8220; use_custom_width=&#8220;on&#8220; padding_mobile=&#8220;off&#8220; column_padding_mobile=&#8220;on&#8220; _builder_version=&#8220;3.4&#8243; background_size=&#8220;initial&#8220; background_position=&#8220;top_left&#8220; background_repeat=&#8220;repeat&#8220;][et_pb_column type=&#8220;4_4&#8243;][et_pb_slider show_arrows=&#8220;off&#8220; _builder_version=&#8220;3.4&#8243; header_font_size=&#8220;52&#8243; body_font_size=&#8220;20&#8243; background_position=&#8220;top_center&#8220; custom_padding=&#8220;180|0px|100|0px&#8220; custom_padding_tablet=&#8220;|||&#8220; auto=&#8220;on&#8220; auto_ignore_hover=&#8220;on&#8220;][et_pb_slide heading=&#8220;M+S KAYSER GMBH&#8220; use_bg_overlay=&#8220;off&#8220; use_text_overlay=&#8220;off&#8220; _builder_version=&#8220;3.4&#8243; background_image=&#8220;https:\/\/www.ms-kayser.de\/ms-kay\/wp-content\/uploads\/2018\/06\/sli-formteilwerkzeuge-1.jpg&#8220; button_on_hover=&#8220;on&#8220;][\/et_pb_slide][et_pb_slide heading=&#8220;Umformtechnik&#8220; use_bg_overlay=&#8220;off&#8220; use_text_overlay=&#8220;off&#8220; _builder_version=&#8220;3.4&#8243; background_color=&#8220;#ffffff&#8220; background_image=&#8220;https:\/\/www.ms-kayser.de\/ms-kay\/wp-content\/uploads\/2018\/06\/sli-umformtechnik.jpg&#8220; background_position=&#8220;top_left&#8220; button_on_hover=&#8220;on&#8220;][\/et_pb_slide][et_pb_slide heading=&#8220;Draht- und Senkerodierarbeiten&#8220; use_bg_overlay=&#8220;off&#8220; use_text_overlay=&#8220;off&#8220; _builder_version=&#8220;3.4&#8243; background_color=&#8220;#ffffff&#8220; background_image=&#8220;https:\/\/www.ms-kayser.de\/ms-kay\/wp-content\/uploads\/2018\/06\/sli-draht-senk-erodierarbeiten.jpg&#8220; background_position=&#8220;top_left&#8220; button_on_hover=&#8220;on&#8220;][\/et_pb_slide][et_pb_slide heading=&#8220;Polierscheiben&#8220; use_bg_overlay=&#8220;off&#8220; use_text_overlay=&#8220;off&#8220; _builder_version=&#8220;3.4&#8243; background_color=&#8220;#ffffff&#8220; background_image=&#8220;https:\/\/www.ms-kayser.de\/ms-kay\/wp-content\/uploads\/2018\/06\/sli-polierscheiben.jpg&#8220; background_position=&#8220;top_left&#8220; button_on_hover=&#8220;on&#8220;][\/et_pb_slide][et_pb_slide heading=&#8220;Fr\u00e4stechnik&#8220; use_bg_overlay=&#8220;off&#8220; use_text_overlay=&#8220;off&#8220; _builder_version=&#8220;3.4&#8243; background_color=&#8220;#ffffff&#8220; background_image=&#8220;https:\/\/www.ms-kayser.de\/ms-kay\/wp-content\/uploads\/2018\/06\/sli-fraestechnik-3d-fraesarbeiten.jpg&#8220; background_position=&#8220;top_left&#8220; button_on_hover=&#8220;on&#8220;][\/et_pb_slide][\/et_pb_slider][\/et_pb_column][\/et_pb_row][\/et_pb_section][et_pb_section bb_built=&#8220;1&#8243; _builder_version=&#8220;3.4&#8243; background_color=&#8220;#ededed&#8220; custom_padding=&#8220;0px||0px|&#8220; prev_background_color=&#8220;rgba(255,255,255,0)&#8220; next_background_color=&#8220;rgba(255,255,255,0)&#8220;][et_pb_row background_color_1=&#8220;#ededed&#8220; _builder_version=&#8220;3.4&#8243;][et_pb_column type=&#8220;3_4&#8243;][et_pb_text _builder_version=&#8220;3.4&#8243;]<\/p>\n<h1>Ihr Partner f\u00fcr hochwertige Stanz- und Ziehwerkzeuge<\/h1>\n<p>&nbsp;<\/p>\n<h3>Top-Qualit\u00e4t garantiert.<\/h3>\n<p>Als Spezialist f\u00fcr die Herstellung von Stanz-und Ziehwerkzeugen fertigen wir bei M+S-KAYSER f\u00fcr unsere Kunden seit fast 60 Jahren hochwertige Produkte f\u00fcr die unterschiedlichsten Einsatzbereiche.<\/p>\n<p>Von Ziehringen und Segmenteins\u00e4tzen bis hin zu Schnittmatrizen und Werkzeugen f\u00fcr Steinformen: Bei uns bekommen Sie h\u00f6chste Pr\u00e4zision bis ins Detail.<\/p>\n<p>[\/et_pb_text][\/et_pb_column][et_pb_column type=&#8220;1_4&#8243;][\/et_pb_column][\/et_pb_row][\/et_pb_section][et_pb_section bb_built=&#8220;1&#8243; admin_label=&#8220;section&#8220; _builder_version=&#8220;3.4&#8243; background_color=&#8220;rgba(255,255,255,0)&#8220; custom_padding=&#8220;0px|||&#8220; prev_background_color=&#8220;#ededed&#8220;][et_pb_row admin_label=&#8220;row&#8220; _builder_version=&#8220;3.0.47&#8243; background_size=&#8220;initial&#8220; background_position=&#8220;top_left&#8220; background_repeat=&#8220;repeat&#8220;][et_pb_column type=&#8220;1_3&#8243;][et_pb_image src=&#8220;https:\/\/www.ms-kayser.de\/ms-kay\/wp-content\/uploads\/2018\/06\/teaser-umformtechnik.png&#8220; url=&#8220;#&#8220; show_bottom_space=&#8220;off&#8220; align=&#8220;center&#8220; _builder_version=&#8220;3.4&#8243; custom_padding=&#8220;||20px|&#8220; use_border_color=&#8220;off&#8220;]<\/p>\n<p>&nbsp;<\/p>\n<p>[\/et_pb_image][et_pb_cta title=&#8220;Umformtechnik&#8220; button_url=&#8220;https:\/\/www.ms-kayser.de\/ms-kay\/umformtechnik\/&#8220; button_text=&#8220;&#8230; mehr&#8220; _builder_version=&#8220;3.4&#8243; body_line_height=&#8220;2.1em&#8220; use_background_color=&#8220;off&#8220; background_size=&#8220;initial&#8220; background_position=&#8220;top_left&#8220; background_repeat=&#8220;repeat&#8220; background_layout=&#8220;light&#8220; use_border_color=&#8220;off&#8220; border_color=&#8220;#ffffff&#8220; border_style=&#8220;solid&#8220;]<\/p>\n<p>Wir fertigen f\u00fcr Sie aus hochwertigen Hartmetallen oder Stahl die unterschiedlichsten Produkte &#8230;<\/p>\n<p>[\/et_pb_cta][\/et_pb_column][et_pb_column type=&#8220;1_3&#8243;][et_pb_image src=&#8220;https:\/\/www.ms-kayser.de\/ms-kay\/wp-content\/uploads\/2018\/06\/teaser-draht-und-senkerodierarbeiten.png&#8220; url=&#8220;https:\/\/www.ms-kayser.de\/ms-kay\/draht-und-senkerodierarbeiten\/&#8220; show_bottom_space=&#8220;off&#8220; align=&#8220;center&#8220; _builder_version=&#8220;3.4&#8243; custom_padding=&#8220;||20px|&#8220; use_border_color=&#8220;off&#8220;]<\/p>\n<p>&nbsp;<\/p>\n<p>[\/et_pb_image][et_pb_cta title=&#8220;Draht- und Senkerodierarbeiten&#8220; button_url=&#8220;https:\/\/www.ms-kayser.de\/ms-kay\/draht-und-senkerodierarbeiten\/&#8220; button_text=&#8220;&#8230; mehr&#8220; _builder_version=&#8220;3.4&#8243; body_line_height=&#8220;2.1em&#8220; use_background_color=&#8220;off&#8220; background_size=&#8220;initial&#8220; background_position=&#8220;top_left&#8220; background_repeat=&#8220;repeat&#8220; background_layout=&#8220;light&#8220; use_border_color=&#8220;off&#8220; border_color=&#8220;#ffffff&#8220; border_style=&#8220;solid&#8220;]<\/p>\n<p>Auf unseren leistungsstarken CNC-Draht- und Senkerodieranlagen k\u00f6nnen wir &#8230;<\/p>\n<p>[\/et_pb_cta][\/et_pb_column][et_pb_column type=&#8220;1_3&#8243;][et_pb_image src=&#8220;https:\/\/www.ms-kayser.de\/ms-kay\/wp-content\/uploads\/2018\/06\/fraestechnik.png&#8220; url=&#8220;https:\/\/www.ms-kayser.de\/ms-kay\/fraestechnik-und-3d-fraestechnik\/&#8220; show_bottom_space=&#8220;off&#8220; align=&#8220;center&#8220; _builder_version=&#8220;3.4&#8243; custom_padding=&#8220;||20px|&#8220; use_border_color=&#8220;off&#8220;]<\/p>\n<p>&nbsp;<\/p>\n<p>[\/et_pb_image][et_pb_cta title=&#8220;Fr\u00e4stechnik&#8220; button_url=&#8220;https:\/\/www.ms-kayser.de\/ms-kay\/fraestechnik-und-3d-fraestechnik\/&#8220; button_text=&#8220;&#8230; mehr&#8220; _builder_version=&#8220;3.4&#8243; body_line_height=&#8220;2.1em&#8220; use_background_color=&#8220;off&#8220; background_size=&#8220;initial&#8220; background_position=&#8220;top_left&#8220; background_repeat=&#8220;repeat&#8220; background_layout=&#8220;light&#8220; use_border_color=&#8220;off&#8220; border_color=&#8220;#ffffff&#8220; border_style=&#8220;solid&#8220;]<\/p>\n<p>Unsere innovativen CAD-CAM-gest\u00fctzten Maschinen erm\u00f6glichen uns, auch hochkomplexe Fr\u00e4sarbeiten f\u00fcr Sie &#8230;<\/p>\n<p>[\/et_pb_cta][\/et_pb_column][\/et_pb_row][\/et_pb_section]<\/p>\n","protected":false},"excerpt":{"rendered":"<p>Ihr Partner f\u00fcr hochwertige Stanz- und Ziehwerkzeuge &nbsp; Top-Qualit\u00e4t garantiert. Als Spezialist f\u00fcr die Herstellung von Stanz-und Ziehwerkzeugen fertigen wir bei M+S-KAYSER f\u00fcr unsere Kunden seit fast 60 Jahren hochwertige Produkte f\u00fcr die unterschiedlichsten Einsatzbereiche. Von Ziehringen und Segmenteins\u00e4tzen bis hin zu Schnittmatrizen und Werkzeugen f\u00fcr Steinformen: Bei uns bekommen Sie h\u00f6chste Pr\u00e4zision bis ins [&hellip;]<\/p>\n","protected":false},"author":1,"featured_media":0,"parent":0,"menu_order":0,"comment_status":"closed","ping_status":"closed","template":"","meta":{"_et_pb_use_builder":"on","_et_pb_old_content":"","_et_gb_content_width":"","footnotes":""},"class_list":["post-3736","page","type-page","status-publish","hentry"],"_links":{"self":[{"href":"https:\/\/www.ms-kayser.de\/ms-kay\/wp-json\/wp\/v2\/pages\/3736","targetHints":{"allow":["GET"]}}],"collection":[{"href":"https:\/\/www.ms-kayser.de\/ms-kay\/wp-json\/wp\/v2\/pages"}],"about":[{"href":"https:\/\/www.ms-kayser.de\/ms-kay\/wp-json\/wp\/v2\/types\/page"}],"author":[{"embeddable":true,"href":"https:\/\/www.ms-kayser.de\/ms-kay\/wp-json\/wp\/v2\/users\/1"}],"replies":[{"embeddable":true,"href":"https:\/\/www.ms-kayser.de\/ms-kay\/wp-json\/wp\/v2\/comments?post=3736"}],"version-history":[{"count":55,"href":"https:\/\/www.ms-kayser.de\/ms-kay\/wp-json\/wp\/v2\/pages\/3736\/revisions"}],"predecessor-version":[{"id":4068,"href":"https:\/\/www.ms-kayser.de\/ms-kay\/wp-json\/wp\/v2\/pages\/3736\/revisions\/4068"}],"wp:attachment":[{"href":"https:\/\/www.ms-kayser.de\/ms-kay\/wp-json\/wp\/v2\/media?parent=3736"}],"curies":[{"name":"wp","href":"https:\/\/api.w.org\/{rel}","templated":true}]}}