{"id":3741,"date":"2018-06-20T17:23:39","date_gmt":"2018-06-20T15:23:39","guid":{"rendered":"https:\/\/www.ms-kayser.de\/ms-kay\/?page_id=3741"},"modified":"2019-06-11T10:06:07","modified_gmt":"2019-06-11T08:06:07","slug":"kontakt","status":"publish","type":"page","link":"https:\/\/www.ms-kayser.de\/ms-kay\/kontakt\/","title":{"rendered":"Kontakt"},"content":{"rendered":"<p>[et_pb_section bb_built=&#8220;1&#8243; admin_label=&#8220;section&#8220; inner_shadow=&#8220;on&#8220; _builder_version=&#8220;3.0.47&#8243; background_color=&#8220;rgba(255,255,255,0)&#8220; transparent_background=&#8220;on&#8220;][et_pb_row _builder_version=&#8220;3.4&#8243; background_size=&#8220;initial&#8220; background_position=&#8220;top_left&#8220; background_repeat=&#8220;repeat&#8220;][et_pb_column type=&#8220;4_4&#8243;][et_pb_text _builder_version=&#8220;3.4&#8243; background_size=&#8220;initial&#8220; background_position=&#8220;top_left&#8220; background_repeat=&#8220;repeat&#8220; use_border_color=&#8220;off&#8220;]<\/p>\n<h1>M+S KAYSER GmbH<br \/>\nStanz-, Ziehwerkzeuge + Werkzeugbau<\/h1>\n<hr \/>\n<h3>Ihre Ansprechpartner<\/h3>\n<p>[\/et_pb_text][\/et_pb_column][\/et_pb_row][et_pb_row _builder_version=&#8220;3.0.47&#8243; background_size=&#8220;initial&#8220; background_position=&#8220;top_left&#8220; background_repeat=&#8220;repeat&#8220;][et_pb_column type=&#8220;1_4&#8243;][et_pb_image src=&#8220;https:\/\/www.ms-kayser.de\/ms-kay\/wp-content\/uploads\/2019\/06\/ms-kay-andder.jpg&#8220; _builder_version=&#8220;3.4&#8243; use_border_color=&#8220;off&#8220;]<\/p>\n<p>&nbsp;<\/p>\n<p>[\/et_pb_image][et_pb_text _builder_version=&#8220;3.4&#8243; background_size=&#8220;initial&#8220; background_position=&#8220;top_left&#8220; background_repeat=&#8220;repeat&#8220; use_border_color=&#8220;off&#8220;]<\/p>\n<p><strong> Andreas Derr<br \/>\n<\/strong>Gesch\u00e4ftsf\u00fchrer<\/p>\n<p>T\u00a0 +49(0)2352-33883-0<br \/>\n<a href=\"mailto:andreasderr@ms-kayser.de\">E-Mail Kontakt<\/a><\/p>\n<p>[\/et_pb_text][\/et_pb_column][et_pb_column type=&#8220;1_4&#8243;][et_pb_image src=&#8220;https:\/\/www.ms-kayser.de\/ms-kay\/wp-content\/uploads\/2018\/08\/ms-sil-jusiedl.jpg&#8220; _builder_version=&#8220;3.4&#8243; use_border_color=&#8220;off&#8220;]<\/p>\n<p>&nbsp;<\/p>\n<p>[\/et_pb_image][et_pb_text _builder_version=&#8220;3.4&#8243; background_size=&#8220;initial&#8220; background_position=&#8220;top_left&#8220; background_repeat=&#8220;repeat&#8220; use_border_color=&#8220;off&#8220;]<\/p>\n<p><strong> J\u00fcrgen Siedler<br \/>\n<\/strong>Gesch\u00e4ftsf\u00fchrer<\/p>\n<p>T\u00a0 +49(0)2352-33883-0<br \/>\n<a href=\"mailto:juergensiedler@ms-kayser.de\">E-Mail Kontakt<\/a><\/p>\n<p>[\/et_pb_text][\/et_pb_column][et_pb_column type=&#8220;1_4&#8243;][et_pb_image src=&#8220;https:\/\/www.ms-kayser.de\/ms-kay\/wp-content\/uploads\/2019\/06\/ms-kay-irider.jpg&#8220; _builder_version=&#8220;3.4&#8243; use_border_color=&#8220;off&#8220;]<\/p>\n<p>&nbsp;<\/p>\n<p>[\/et_pb_image][et_pb_text _builder_version=&#8220;3.4&#8243; background_size=&#8220;initial&#8220; background_position=&#8220;top_left&#8220; background_repeat=&#8220;repeat&#8220; use_border_color=&#8220;off&#8220;]<\/p>\n<p><strong> Irina Derr<br \/>\n<\/strong>Leitung Innendienst<\/p>\n<p>T\u00a0 +49(0)2352-33883-10<br \/>\n<a href=\"mailto:irinaderr@ms-kayser.de\">E-Mail Kontakt<\/a><\/p>\n<p>[\/et_pb_text][\/et_pb_column][et_pb_column type=&#8220;1_4&#8243;][\/et_pb_column][\/et_pb_row][et_pb_row _builder_version=&#8220;3.0.47&#8243; background_size=&#8220;initial&#8220; background_position=&#8220;top_left&#8220; background_repeat=&#8220;repeat&#8220;][et_pb_column type=&#8220;4_4&#8243;][et_pb_text _builder_version=&#8220;3.4&#8243; background_size=&#8220;initial&#8220; background_position=&#8220;top_left&#8220; background_repeat=&#8220;repeat&#8220; use_border_color=&#8220;off&#8220;]<\/p>\n<hr \/>\n<h3>Kontaktadresse<\/h3>\n<p>[\/et_pb_text][\/et_pb_column][\/et_pb_row][et_pb_row _builder_version=&#8220;3.0.47&#8243; background_size=&#8220;initial&#8220; background_position=&#8220;top_left&#8220; background_repeat=&#8220;repeat&#8220;][et_pb_column type=&#8220;1_4&#8243;][et_pb_image src=&#8220;https:\/\/www.ms-kayser.de\/ms-kay\/wp-content\/uploads\/2018\/06\/new-MS-KAY-Logo.png&#8220; always_center_on_mobile=&#8220;off&#8220; _builder_version=&#8220;3.4&#8243; use_border_color=&#8220;off&#8220;]<\/p>\n<p>&nbsp;<\/p>\n<p>[\/et_pb_image][\/et_pb_column][et_pb_column type=&#8220;1_4&#8243;][et_pb_text _builder_version=&#8220;3.4&#8243; background_size=&#8220;initial&#8220; background_position=&#8220;top_left&#8220; background_repeat=&#8220;repeat&#8220; use_border_color=&#8220;off&#8220;]<\/p>\n<p>M+S-KAYSER GMBH<br \/>\nStanz-, Ziehwerkzeuge + Werkzeugbau<\/p>\n<p>Altenaer Stra\u00dfe 7<br \/>\n58769 Nachrodt<\/p>\n<p>Telefon +49(0)2352 &#8211; 33 883-0<br \/>\nTelefax +49(0)2352 &#8211; 33 883-20<\/p>\n<p><a href=\"mailto:info@ms-kayser.de\" target=\"_blank\" rel=\"noopener\">info(at)ms-kayser.de<\/a><\/p>\n<p>[\/et_pb_text][\/et_pb_column][et_pb_column type=&#8220;1_4&#8243;][\/et_pb_column][et_pb_column type=&#8220;1_4&#8243;][\/et_pb_column][\/et_pb_row][\/et_pb_section]<\/p>\n","protected":false},"excerpt":{"rendered":"<p>M+S KAYSER GmbH Stanz-, Ziehwerkzeuge + Werkzeugbau Ihre Ansprechpartner &nbsp; Andreas Derr Gesch\u00e4ftsf\u00fchrer T\u00a0 +49(0)2352-33883-0 E-Mail Kontakt &nbsp; J\u00fcrgen Siedler Gesch\u00e4ftsf\u00fchrer T\u00a0 +49(0)2352-33883-0 E-Mail Kontakt &nbsp; Irina Derr Leitung Innendienst T\u00a0 +49(0)2352-33883-10 E-Mail Kontakt Kontaktadresse &nbsp; M+S-KAYSER GMBH Stanz-, Ziehwerkzeuge + Werkzeugbau Altenaer Stra\u00dfe 7 58769 Nachrodt Telefon +49(0)2352 &#8211; 33 883-0 Telefax +49(0)2352 &#8211; [&hellip;]<\/p>\n","protected":false},"author":1,"featured_media":0,"parent":0,"menu_order":0,"comment_status":"closed","ping_status":"closed","template":"","meta":{"_et_pb_use_builder":"on","_et_pb_old_content":"","_et_gb_content_width":"","footnotes":""},"class_list":["post-3741","page","type-page","status-publish","hentry"],"_links":{"self":[{"href":"https:\/\/www.ms-kayser.de\/ms-kay\/wp-json\/wp\/v2\/pages\/3741","targetHints":{"allow":["GET"]}}],"collection":[{"href":"https:\/\/www.ms-kayser.de\/ms-kay\/wp-json\/wp\/v2\/pages"}],"about":[{"href":"https:\/\/www.ms-kayser.de\/ms-kay\/wp-json\/wp\/v2\/types\/page"}],"author":[{"embeddable":true,"href":"https:\/\/www.ms-kayser.de\/ms-kay\/wp-json\/wp\/v2\/users\/1"}],"replies":[{"embeddable":true,"href":"https:\/\/www.ms-kayser.de\/ms-kay\/wp-json\/wp\/v2\/comments?post=3741"}],"version-history":[{"count":24,"href":"https:\/\/www.ms-kayser.de\/ms-kay\/wp-json\/wp\/v2\/pages\/3741\/revisions"}],"predecessor-version":[{"id":4110,"href":"https:\/\/www.ms-kayser.de\/ms-kay\/wp-json\/wp\/v2\/pages\/3741\/revisions\/4110"}],"wp:attachment":[{"href":"https:\/\/www.ms-kayser.de\/ms-kay\/wp-json\/wp\/v2\/media?parent=3741"}],"curies":[{"name":"wp","href":"https:\/\/api.w.org\/{rel}","templated":true}]}}