{"id":4016,"date":"2018-07-05T14:43:46","date_gmt":"2018-07-05T12:43:46","guid":{"rendered":"https:\/\/www.ms-kayser.de\/ms-kay\/?page_id=4016"},"modified":"2018-07-30T14:08:09","modified_gmt":"2018-07-30T12:08:09","slug":"impressum","status":"publish","type":"page","link":"https:\/\/www.ms-kayser.de\/ms-kay\/impressum\/","title":{"rendered":"Impressum"},"content":{"rendered":"<p>[et_pb_section fb_built=&#8220;1&#8243; admin_label=&#8220;section&#8220; _builder_version=&#8220;3.0.47&#8243; background_color=&#8220;rgba(255,255,255,0)&#8220; transparent_background=&#8220;on&#8220;][et_pb_row _builder_version=&#8220;3.0.47&#8243; background_size=&#8220;initial&#8220; background_position=&#8220;top_left&#8220; background_repeat=&#8220;repeat&#8220;][et_pb_column type=&#8220;2_3&#8243; _builder_version=&#8220;3.0.47&#8243; parallax=&#8220;off&#8220; parallax_method=&#8220;on&#8220;][et_pb_text _builder_version=&#8220;3.4&#8243;]<\/p>\n<h1>IMPRESSUM<\/h1>\n<hr \/>\n<p>&nbsp;<\/p>\n<p>Inhaltlich Verantwortlicher<br \/> gem\u00e4\u00df \u00a7 10 Absatz 3 MDStV:<br \/> Andreas Derr<\/p>\n<p>M+S-KAYSER GmbH<br \/> Stanz-, Ziehwerkzeuge + Werkzeugbau<\/p>\n<p>Altenaer Stra\u00dfe 7<br \/>58769 Nachrodt<\/p>\n<p> Telefon +49(0)2352 &#8211; 33 883-0<br \/> Telefax +49(0)2352 &#8211; 33 883-20<\/p>\n<p><a class=\"textlinkklein\" href=\"mailto:info@ms-silicon.de\">info(at)ms-kayser.de<\/a><\/p>\n<p>&nbsp;<\/p>\n<p>Gesch\u00e4ftsf\u00fchrer:<br \/> J\u00fcrgen Siedler, Andreas Derr<\/p>\n<p>Amtsgericht Iserlohn<br \/> HRB 6042<br \/> USt.-IdNr.: DE 814 700 226<\/p>\n<p>&nbsp;<\/p>\n<p>Internet:<br \/> <a href=\"http:\/\/www.ms-silicon.de\/\">www.ms-kayser.de<\/a><\/p>\n<p>&nbsp;<\/p>\n<p>Konzept und Umsetzung:<br \/> fsb-marketing, 44267 Dortmund<br \/> <a class=\"textlinkklein\" href=\"http:\/\/www.fsb-marketing.de\/\" target=\"_blank\" rel=\"noopener\">www.fsb-marketing.de<\/a><\/p>\n<p>[\/et_pb_text][\/et_pb_column][et_pb_column type=&#8220;1_3&#8243; _builder_version=&#8220;3.0.47&#8243; parallax=&#8220;off&#8220; parallax_method=&#8220;on&#8220;][\/et_pb_column][\/et_pb_row][\/et_pb_section]<\/p>\n","protected":false},"excerpt":{"rendered":"<p>IMPRESSUM &nbsp; Inhaltlich Verantwortlicher gem\u00e4\u00df \u00a7 10 Absatz 3 MDStV: Andreas Derr M+S-KAYSER GmbH Stanz-, Ziehwerkzeuge + Werkzeugbau Altenaer Stra\u00dfe 758769 Nachrodt Telefon +49(0)2352 &#8211; 33 883-0 Telefax +49(0)2352 &#8211; 33 883-20 info(at)ms-kayser.de &nbsp; Gesch\u00e4ftsf\u00fchrer: J\u00fcrgen Siedler, Andreas Derr Amtsgericht Iserlohn HRB 6042 USt.-IdNr.: DE 814 700 226 &nbsp; Internet: www.ms-kayser.de &nbsp; Konzept und Umsetzung: [&hellip;]<\/p>\n","protected":false},"author":1,"featured_media":0,"parent":0,"menu_order":0,"comment_status":"closed","ping_status":"closed","template":"","meta":{"_et_pb_use_builder":"on","_et_pb_old_content":"","_et_gb_content_width":"","footnotes":""},"class_list":["post-4016","page","type-page","status-publish","hentry"],"_links":{"self":[{"href":"https:\/\/www.ms-kayser.de\/ms-kay\/wp-json\/wp\/v2\/pages\/4016","targetHints":{"allow":["GET"]}}],"collection":[{"href":"https:\/\/www.ms-kayser.de\/ms-kay\/wp-json\/wp\/v2\/pages"}],"about":[{"href":"https:\/\/www.ms-kayser.de\/ms-kay\/wp-json\/wp\/v2\/types\/page"}],"author":[{"embeddable":true,"href":"https:\/\/www.ms-kayser.de\/ms-kay\/wp-json\/wp\/v2\/users\/1"}],"replies":[{"embeddable":true,"href":"https:\/\/www.ms-kayser.de\/ms-kay\/wp-json\/wp\/v2\/comments?post=4016"}],"version-history":[{"count":10,"href":"https:\/\/www.ms-kayser.de\/ms-kay\/wp-json\/wp\/v2\/pages\/4016\/revisions"}],"predecessor-version":[{"id":4092,"href":"https:\/\/www.ms-kayser.de\/ms-kay\/wp-json\/wp\/v2\/pages\/4016\/revisions\/4092"}],"wp:attachment":[{"href":"https:\/\/www.ms-kayser.de\/ms-kay\/wp-json\/wp\/v2\/media?parent=4016"}],"curies":[{"name":"wp","href":"https:\/\/api.w.org\/{rel}","templated":true}]}}